{"id":2044,"date":"2015-05-23T10:04:47","date_gmt":"2015-05-23T10:04:47","guid":{"rendered":"http:\/\/webmastersi.com\/?page_id=2044"},"modified":"2024-05-01T17:01:45","modified_gmt":"2024-05-01T15:01:45","slug":"cookie","status":"publish","type":"page","link":"https:\/\/congressiconvegni.it\/en\/cookie\/","title":{"rendered":"Cookie"},"content":{"rendered":"<h2 class=\"wp-block-heading\"><a href=\"https:\/\/www.iubenda.com\/privacy-policy\/16906865\/cookie-policy\" target=\"_blank\" rel=\"noreferrer noopener\">Cookie Policy<\/a><\/h2>\n\n\n<div id=\"post-body-1646042865668124794\" class=\"post-body entry-content\">\n<div>\n<h3>COOKIE LAW<\/h3>\n<p>La presente Cookie Policy \u00e8 parte integrante della Privacy Policy di DOUBLE EM SRL disponibile <a href=\"https:\/\/congressiconvegni.it\/en\/privacy\/\" target=\"_blank\" rel=\"noopener\"><u>qui<\/u><\/a>.<br \/>1. Definizioni e caratteristiche dei cookie<\/p>\n<p>Cookie e tecnologie affini sono informazioni che siti e app inviano o leggono sui suoi dispositivi alla prima visita, per essere poi ritrasmesse agli stessi siti, app alla successiva visita. Proprio grazie a queste tecnologie i siti e le app ricordano azioni e preferenze (come, ad esempio, i dati di login, la lingua prescelta, le dimensioni dei caratteri, altre impostazioni di visualizzazione, ecc.) in modo che non debbano essere indicate nuovamente quando alla successiva visita.<\/p>\n<p>Queste tecnologie sono utilizzate per eseguire autenticazioni informatiche, monitoraggio di sessioni e memorizzazione di informazioni riguardanti le attivit\u00e0 degli utenti che accedono ad un servizio e possono contenere anche un codice identificativo unico che consente di tenere traccia della navigazione dell\u2019utente all\u2019interno del sito per finalit\u00e0 statistiche o pubblicitarie.<\/p>\n<p>In linea con la Normativa Applicabile, il suo preventivo consenso per l\u2019uso dei cookie non \u00e8 sempre richiesto. In particolare, tale consenso non \u00e8 richiesto per i \u201ccookie tecnici\u201d, es. quelli usati per il solo scopo di trasportare una comunicazione attraverso una rete di comunicazione elettronica, o strettamente necessari per fornire un servizio espressamente richiesto dall\u2019utente. In altre parole, i cookie che sono indispensabili l\u2019operativit\u00e0 di un sito.<\/p>\n<p>Il suo preventivo consenso \u00e8 invece richiesto per i cookie \u201canalitici\u201d non anonimizzati e per cookie di profilazione, es. quelli che forniscono analisi statistiche sull\u2019utilizzo di un sito web o che creano profili di utenti per inviargli messaggi pubblicitari in linea con le preferenze che hanno espresso durante la navigazione.<\/p>\n<ol start=\"2\">\n<li>Tipi di cookie usati dal Sito e possibilit\u00e0 di de-selezione<\/li>\n<\/ol>\n<p>Durante la navigazione del Sito, ricever\u00e0 i seguenti cookie:<br \/>Cookie tecnici, cookie di terze parti, cio\u00e8 cookie provenienti da siti o server di terze parti diversi e quindi diversi da quelli di DOUBLE EM; elencati di seguito con i collegamenti corrispondenti alle loro privacy policy e ai meccanismi di opt-out.<\/p>\n<p>In base alle caratteristiche e all&#8217;utilizzo dei cookie possiamo distinguere diverse categorie: <strong>&#8211; Cookie strettamente necessari.<\/strong> Si tratta di cookie indispensabili per il corretto funzionamento del nostro sito e sono utilizzati per gestire il login e l&#8217;accesso alle funzioni riservate del sito, in generale per velocizzare, migliorare o personalizzare il livello di servizio agli utenti. La durata dei cookie \u00e8 o strettamente limitata alla sessione di lavoro (chiuso il browser vengono cancellati), o di durata pi\u00f9 lunga, volti a riconoscere il computer del visitatore. La loro disattivazione pu\u00f2 compromette l&#8217;utilizzo dei servizi accessibili da login, mentre la parte pubblica del sito resta normalmente utilizzabile.<\/p>\n<p><strong>&#8211; Cookie di analisi e prestazioni.<\/strong> Sono cookie utilizzati per raccogliere e analizzare il traffico e l&#8217;utilizzo del sito in modo anonimo. Questi cookie, pur senza identificare l&#8217;utente, consentono, per esempio, di rilevare se il medesimo utente torna a collegarsi in momenti diversi. Permettono inoltre di monitorare il sistema e migliorarne le prestazioni e l&#8217;usabilit\u00e0. La disattivazione di tali cookie pu\u00f2 essere eseguita senza alcuna perdita di funzionalit\u00e0.<\/p>\n<p><strong>&#8211; Cookie di profilazione.<\/strong> Si tratta di cookie permanenti utilizzati per identificare (in modo anonimo e non) le preferenze dell&#8217;utente e migliorare la sua esperienza di navigazione, al fine di inviare messaggi pubblicitari in linea con le preferenze manifestate dallo stesso nell&#8217;ambito della navigazione in rete. Il nostro sito non li utilizza.<\/p>\n<ul>\n<li><strong>Cookie di terze parti<\/strong> Visitando un sito web si possono ricevere cookie sia dal sito visitato (\u201cproprietario\u201d), sia da siti gestiti da altre organizzazioni (\u201cterze parti\u201d). Un esempio \u00e8 rappresentato dalla presenza dei \u201csocial plugin\u201d (p.e. Facebook, Twitter, Google+, Instagram, etc.) finalizzato alla condivisione dei contenuti sui social network. La presenza di questi plugin comporta la trasmissione di cookie da e verso tutti i siti gestiti da terze parti. La gestione delle informazioni raccolte da \u201cterze parti\u201d \u00e8 disciplinata dalle relative informative cui si prega di fare riferimento. Per garantire una maggiore trasparenza e comodit\u00e0, per ognuno di questi siti si riporta l&#8217;indirizzo web dell&#8217;informativa e delle modalit\u00e0 per la gestione dei cookie, oltre all&#8217;eventuale negazione del consenso all&#8217;installazione dei cookie:<\/li>\n<\/ul>\n<p>Youtube.com \u2013 contenuti multimediali (profilazione): <a href=\"https:\/\/www.google.it\/intl\/it\/policies\/technologies\/cookies\/\">https:\/\/www.google.it\/intl\/it\/policies\/technologies\/cookies\/<\/a><\/p>\n<p>Google.com \u2013 servizi web (statistiche e profilazione): <a href=\"https:\/\/www.google.it\/intl\/it\/policies\/technologies\/cookies\/\">https:\/\/www.google.it\/intl\/it\/policies\/technologies\/cookies\/<\/a><\/p>\n<p>Google Analytics \u2013 servizi web (statistiche e profilazione): <a href=\"https:\/\/developers.google.com\/analytics\/devguides\/collection\/analyticsjs\/cookie-usage\">https:\/\/developers.google.com\/analytics\/devguides\/collection\/analyticsjs\/cookie-usage<\/a><\/p>\n<p>Facebook.com \u2013 social (profilazione): <a href=\"https:\/\/www.facebook.com\/help\/cookies\/?ref=sitefooter\">https:\/\/www.facebook.com\/help\/cookies\/?ref=sitefooter<\/a><\/p>\n<p>Instagram.com \u2013 social (profilazione): <a href=\"https:\/\/www.instagram.com\/legal\/cookies\/\">https:\/\/www.instagram.com\/legal\/cookies\/<\/a><\/p>\n<p>Twitter \u2013 social (profilazione): <a href=\"https:\/\/twitter.com\/privacy?lang=it\">https:\/\/twitter.com\/privacy?lang=it<\/a><\/p>\n<p>Pinterest \u2013 social (profilazione): <a href=\"https:\/\/about.pinterest.com\/it\/privacy-policy\">https:\/\/about.pinterest.com\/it\/privacy-policy<\/a><\/p>\n<p>Inoltre, nel caso in cui fosse particolarmente difficile individuare tutte le terze parti, soprattutto per la profilazione delle tue preferenze, si riportano i seguenti link:<\/p>\n<p><a href=\"http:\/\/www.networkadvertising.org\/choices\/\">http:\/\/www.networkadvertising.org\/choices\/<\/a><\/p>\n<p><a href=\"http:\/\/www.youronlinechoices.com\/it\/\">www.youronlinechoices.com\/it\/<\/a><\/p>\n<p><strong>Gestione dei cookie<\/strong> L&#8217;utente pu\u00f2 decidere se accettare o meno i cookie utilizzando le impostazioni del proprio browser. Attenzione: la disabilitazione totale o parziale dei cookie tecnici pu\u00f2 compromettere l&#8217;utilizzo delle funzionalit\u00e0 del sito riservate agli utenti registrati. Al contrario, la fruibilit\u00e0 dei contenuti pubblici \u00e8 possibile anche disabilitando completamente i cookie. La disabilitazione dei cookie \u201cterze parti\u201d non pregiudica in alcun modo la navigabilit\u00e0. L&#8217;impostazione pu\u00f2 essere definita in modo specifico per i diversi siti e applicazioni web. Inoltre i migliori browser consentono di definire impostazioni diverse per i cookie \u201cproprietari\u201d e per quelli di \u201cterze parti\u201d. A titolo di esempio, in Firefox, attraverso il menu Strumenti-&gt;Opzioni -&gt;Privacy, \u00e8 possibile accedere ad un pannello di controllo dove \u00e8 possibile definire se accettare o meno i diversi tipi di cookie e procedere alla loro rimozione.<\/p>\n<p>Una navigazione <b>senza l&#8217;utilizzo di cookie tecnici e di profilazione<\/b> \u00e8 possibile mediante quella che viene definita <b>navigazione in incognito <\/b>e che \u00e8 fattibile con tutti i principali browser.<\/p>\n<ol>\n<li>Ulteriori informazioni sulla disabilitazione dei cookie su <a href=\"https:\/\/support.mozilla.org\/it\/kb\/Attivare%20e%20disattivare%20i%20cookie\" target=\"_blank\" rel=\"noopener\"><b>Firefox<\/b><\/a>, <b><a href=\"https:\/\/support.mozilla.org\/en-US\/kb\/enable-and-disable-cookies-website-preferences\" target=\"_blank\" rel=\"noopener\">in inglese.<\/a><\/b><\/li>\n<li>Ulteriori informazioni sulla disabilitazione dei cookie su <a href=\"http:\/\/www.google.com\/policies\/technologies\/managing\/\" target=\"_blank\" rel=\"noopener\"><b>Chrome<\/b><\/a>,<b><a href=\"https:\/\/support.google.com\/chrome\/answer\/95647?hl=en\" target=\"_blank\" rel=\"noopener\"> in inglese<\/a><\/b><\/li>\n<li>Ulteriori informazioni sulla disabilitazione dei cookie su <a href=\"http:\/\/windows.microsoft.com\/it-it\/internet-explorer\/delete-manage-cookies#ie=ie-11\" target=\"_blank\" rel=\"noopener\"><b>Internet Explorer<\/b><\/a>,<a href=\"http:\/\/windows.microsoft.com\/en-us\/windows-vista\/block-or-allow-cookies\" target=\"_blank\" rel=\"noopener\"> <b>in inglese<\/b><\/a><\/li>\n<li>Ulteriori informazioni sulla disabilitazione dei cookie su <a href=\"http:\/\/support.apple.com\/kb\/HT1677?viewlocale=it_IT&amp;locale=it_IT\" target=\"_blank\" rel=\"noopener\"><b>Safari\u00a0<\/b><\/a>,<b> <a href=\"https:\/\/support.apple.com\/kb\/PH17191?&amp;locale=en_US\" target=\"_blank\" rel=\"noopener\">in inglese<\/a><\/b><\/li>\n<li>Ulteriori informazioni sulla disabilitazione dei cookie su<b> <a href=\"http:\/\/help.opera.com\/Mac\/12.10\/it\/cookies.html\" target=\"_blank\" rel=\"noopener\">Opera<\/a><\/b>,<b> <a href=\"http:\/\/help.opera.com\/Mac\/12.10\/en\/cookies.html\" target=\"_blank\" rel=\"noopener\">in inglese.<\/a><\/b><\/li>\n<\/ol>\n<\/div>\n<div>\u00a0<\/div>\n<p>\u00a0<\/p>\n<\/div>","protected":false},"excerpt":{"rendered":"<p>Cookie Policy COOKIE LAW La presente Cookie Policy \u00e8 parte integrante della Privacy Policy di DOUBLE EM SRL disponibile qui.1. Definizioni e caratteristiche dei cookie Cookie e tecnologie affini sono informazioni che siti e app inviano o leggono sui suoi dispositivi alla prima visita, per essere poi ritrasmesse agli stessi siti, app alla successiva visita. [&hellip;]<\/p>","protected":false},"author":2,"featured_media":0,"parent":0,"menu_order":0,"comment_status":"closed","ping_status":"closed","template":"","meta":{"jetpack_post_was_ever_published":false,"footnotes":""},"class_list":["post-2044","page","type-page","status-publish","hentry"],"jetpack_shortlink":"https:\/\/wp.me\/P5llZ0-wY","jetpack_sharing_enabled":true,"_links":{"self":[{"href":"https:\/\/congressiconvegni.it\/en\/wp-json\/wp\/v2\/pages\/2044","targetHints":{"allow":["GET"]}}],"collection":[{"href":"https:\/\/congressiconvegni.it\/en\/wp-json\/wp\/v2\/pages"}],"about":[{"href":"https:\/\/congressiconvegni.it\/en\/wp-json\/wp\/v2\/types\/page"}],"author":[{"embeddable":true,"href":"https:\/\/congressiconvegni.it\/en\/wp-json\/wp\/v2\/users\/2"}],"replies":[{"embeddable":true,"href":"https:\/\/congressiconvegni.it\/en\/wp-json\/wp\/v2\/comments?post=2044"}],"version-history":[{"count":2,"href":"https:\/\/congressiconvegni.it\/en\/wp-json\/wp\/v2\/pages\/2044\/revisions"}],"predecessor-version":[{"id":14858,"href":"https:\/\/congressiconvegni.it\/en\/wp-json\/wp\/v2\/pages\/2044\/revisions\/14858"}],"wp:attachment":[{"href":"https:\/\/congressiconvegni.it\/en\/wp-json\/wp\/v2\/media?parent=2044"}],"curies":[{"name":"wp","href":"https:\/\/api.w.org\/{rel}","templated":true}]}}