{"id":2047,"date":"2015-05-23T17:30:05","date_gmt":"2015-05-23T17:30:05","guid":{"rendered":"http:\/\/webmastersi.com\/?page_id=2047"},"modified":"2015-05-23T17:30:05","modified_gmt":"2015-05-23T17:30:05","slug":"come-eliminare-i-cookie-dato-dominio-dai-vari-browser","status":"publish","type":"page","link":"https:\/\/congressiconvegni.it\/en\/come-eliminare-i-cookie-dato-dominio-dai-vari-browser\/","title":{"rendered":"Come eliminare i cookie di un dato dominio dai vari browser"},"content":{"rendered":"<div align=\"justify\">I <strong>cookie <\/strong>sono delle piccole stringhe di testo <strong>inviate dai server di un sito a un browser<\/strong> che ne apra una pagina per poi essere <strong>rimandati indietro dal client<\/strong> (browser) al server tutte le volte che c&#8217;\u00e8 <strong>un nuovo accesso alla stessa pagina web<\/strong>. A parte questioni di privacy che non mi competono in questo contesto, si tratta di un <strong>sistema estremamente pratico per accedere a account senza bisogno di digitare username e password tutte le volte.<\/strong> Pensate a<strong> Facebook<\/strong>. Basta cliccare sul collegamento che avrete certamente messo nei preferiti per <strong>accedere al vostro profilo o alla vostra timeline<\/strong>. Questo vale anche per tutti i servizi <strong>Google <\/strong>associati al vostro account <strong>GMail<\/strong>.<\/div>\n<div align=\"justify\"><\/div>\n<div align=\"justify\"><strong>L&#8217;eliminazione di tutti i cookie del browser<\/strong> \u00e8 una operazione molto semplice che per\u00f2 ha come controindicazione la <strong>necessit\u00e0 di effettuare nuovamente l&#8217;accesso a tutti i siti<\/strong> di cui il browser aveva <strong>memorizzato i cookie<\/strong>. Per <strong>cancellare i cookie<\/strong> su<strong> Chrome<\/strong> si va in alto a destra sulla icona dei <strong>settaggi<\/strong> quindi su <strong>Strumenti &gt; Cancella dati navigazione<\/strong> e si mette la spunta su <strong>Elimina cookie e altri dati di siti e plugin<\/strong>. Se si usa <strong>Firefox<\/strong> occorre cliccare su <strong>Strumenti &gt; Cancella la cronologia recente<\/strong> e in <strong>Dettagli<\/strong> mettere la spunta anche a <strong>Cookie.<\/strong><strong><br \/>\n<\/strong><\/div>\n<div align=\"justify\">Invece su <strong>Internet Explorer<\/strong> bisogna andare su <strong>Strumenti &gt; Elimina cronologia esplorazioni<\/strong> e mettere la spunta anche su <strong>Cookie<\/strong>. Come detto per\u00f2 l&#8217;eliminazione dei cookie \u00e8 un&#8217;arma a doppio taglio. Vediamo come fare una <strong>cancellazione selettiva dei cookie nei vari browser<\/strong>. L&#8217;obiettivo \u00e8 quello di<strong>eliminare un singolo cookie o tutti i cookie che sono stati inseriti nel nostro browser da un determinato sito<\/strong>. Per esempio nel momento stesso in cui voi <strong>visitate questo blog ne riceverete i relativi cookie<\/strong>. La procedura \u00e8 abbastanza diversa a seconda dei browser utilizzati.<\/div>\n<div align=\"justify\"><\/div>\n<h3>COME CANCELLARE UN COOKIE CON CHROME<\/h3>\n<div align=\"justify\">Se usiamo <strong>Chrome<\/strong> andiamo su <strong>Impostazioni <\/strong>e alla fine della pagina che si apre clicchiamo su<strong>Mostra impostazioni avanzate<\/strong>. Tra le altre opzioni visualizzate sceglieremo <strong>Privacy &gt; Impostazioni Contenuti<\/strong><\/div>\n<div align=\"justify\"><strong>\u00a0<\/strong><\/div>\n<p><img fetchpriority=\"high\" decoding=\"async\" class=\"aligncenter\" title=\"privacy-impostazioni-contenuti\" src=\"http:\/\/lh3.ggpht.com\/-sLqIa3v4YSc\/UI5ICF9UaaI\/AAAAAAAAbuA\/txgYyOvSh2Q\/privacy-impostazioni-contenuti%25255B3%25255D.jpg?imgmax=800\" alt=\"privacy-impostazioni-contenuti\" width=\"408\" height=\"180\" border=\"0\" \/><\/p>\n<p>Nella finestra popup che si andr\u00e0 a aprire dovremo andare su <strong>Cookie &gt; Tutti i cookie e i dati dei siti \u2026<\/strong><br \/>\n<strong><br \/>\n<\/strong><img decoding=\"async\" class=\"aligncenter\" title=\"tutti-cooki-chrome\" src=\"http:\/\/lh3.ggpht.com\/-i2t1iGm3yzI\/UI5IEbunLoI\/AAAAAAAAbuI\/BN6uhDJqAXA\/tutti-cooki-chrome%25255B3%25255D.jpg?imgmax=800\" alt=\"tutti-cooki-chrome\" width=\"463\" height=\"180\" border=\"0\" \/><\/p>\n<p>Si aprir\u00e0 una nuova <strong>finestra popup con tutti i cookie memorizzati nel browser<\/strong><br \/>\n<strong><br \/>\n<\/strong><img decoding=\"async\" class=\"aligncenter\" title=\"cookie-su-chrome\" src=\"http:\/\/lh6.ggpht.com\/-REkfh5xOZU0\/UI5IHpUdeiI\/AAAAAAAAbuQ\/G98ogVpWplQ\/cookie-su-chrome%25255B4%25255D.jpg?imgmax=800\" alt=\"cookie-su-chrome\" width=\"474\" height=\"367\" border=\"0\" \/><\/p>\n<p>Per <strong>cercare un determinato cookie<\/strong> basta <strong>iniziare a digitare il nome del sito<\/strong>. Dopo avere visualizzato i vari cookie possiamo <strong>cliccare sulla crocetta sulla destra <\/strong>per<strong> eliminare il singolo cookie<\/strong> o andare su <strong>Rimuovi tutto<\/strong> per <strong>cancellare tutti i cookie visualizzati nella pagina<\/strong>.<\/p>\n<h3>COME ELIMINARE UNO O PIU&#8217; COOKIE CON FIREFOX<\/h3>\n<p>Si va su <strong>Strumenti &gt; Opzioni &gt; Privacy &gt; Rimuovere i singoli cookie<\/strong><br \/>\n<strong><br \/>\n<\/strong><img loading=\"lazy\" decoding=\"async\" class=\"aligncenter\" title=\"rimuovere-cookie-firefox\" src=\"http:\/\/lh5.ggpht.com\/-YSY4YqIN65k\/UI5IJg8wUrI\/AAAAAAAAbuY\/aBgFdjwi0xM\/rimuovere-cookie-firefox%25255B4%25255D.jpg?imgmax=800\" alt=\"rimuovere-cookie-firefox\" width=\"352\" height=\"336\" border=\"0\" \/><\/p>\n<p>Anche in questo caso si <strong>visualizzeranno tutti i cookie presenti sul browser<\/strong> suddivisi in cartelle<\/p>\n<p><img loading=\"lazy\" decoding=\"async\" class=\"aligncenter\" title=\"cookie-firefox\" src=\"http:\/\/lh5.ggpht.com\/-Y76RRgLOprc\/UI5IL4fnOdI\/AAAAAAAAbug\/3W9gavWigCY\/cookie-firefox%25255B5%25255D.jpg?imgmax=800\" alt=\"cookie-firefox\" width=\"674\" height=\"202\" border=\"0\" \/><\/p>\n<p>Dopo averlo selezionato possiamo andare su <strong>Rimuovi cookie.<\/strong> Si pu\u00f2 anche f<strong>are una ricerca digitando in alto il nome del sito di cui si vogliono eliminare i cookie<\/strong>.<\/p>\n<h3>COME CANCELLARE COOKIE SPECIFICI CON INTERNET EXPLORER<\/h3>\n<div align=\"justify\">Il metodo pi\u00f9 semplice \u00e8 quello di <strong>andare sul sito di cui vogliamo cancellare i cookie<\/strong>. Cliccare su<strong>F12<\/strong> oppure andare su <strong>Strumenti &gt; Strumenti di sviluppo. <\/strong>Si <strong>aprir\u00e0 una finestra nella parte bassa della pagina<\/strong>. Bisogna scegliere <strong>Cache &gt; Elimina cookie per dominio<\/strong><\/div>\n<div align=\"justify\"><strong>\u00a0<\/strong><\/div>\n<p><img loading=\"lazy\" decoding=\"async\" class=\"aligncenter\" title=\"Eliminare-cookie-internet-explorer\" src=\"http:\/\/lh4.ggpht.com\/-1W73w7G7SyQ\/UI5IN3xuFBI\/AAAAAAAAbuo\/VIIIF2c4nGY\/Eliminare-cookie-internet-explorer%25255B4%25255D.jpg?imgmax=800\" alt=\"Eliminare-cookie-internet-explorer\" width=\"545\" height=\"144\" border=\"0\" \/><\/p>\n<div align=\"justify\"><\/div>\n<div align=\"justify\">E&#8217; superfluo aggiungere che in <strong>tutti e tre i browser i cookie cancellati saranno nuovamente memorizzati quando ritorneremo nel sito in oggetto<\/strong>.<\/div>","protected":false},"excerpt":{"rendered":"<p>I cookie sono delle piccole stringhe di testo inviate dai server di un sito a un browser che ne apra una pagina per poi essere rimandati indietro dal client (browser) al server tutte le volte che c&#8217;\u00e8 un nuovo accesso alla stessa pagina web. A parte questioni di privacy che non mi competono in questo [&hellip;]<\/p>","protected":false},"author":2,"featured_media":0,"parent":0,"menu_order":0,"comment_status":"open","ping_status":"closed","template":"","meta":{"jetpack_post_was_ever_published":false,"footnotes":""},"class_list":["post-2047","page","type-page","status-publish","hentry"],"jetpack_shortlink":"https:\/\/wp.me\/P5llZ0-x1","jetpack_sharing_enabled":true,"_links":{"self":[{"href":"https:\/\/congressiconvegni.it\/en\/wp-json\/wp\/v2\/pages\/2047","targetHints":{"allow":["GET"]}}],"collection":[{"href":"https:\/\/congressiconvegni.it\/en\/wp-json\/wp\/v2\/pages"}],"about":[{"href":"https:\/\/congressiconvegni.it\/en\/wp-json\/wp\/v2\/types\/page"}],"author":[{"embeddable":true,"href":"https:\/\/congressiconvegni.it\/en\/wp-json\/wp\/v2\/users\/2"}],"replies":[{"embeddable":true,"href":"https:\/\/congressiconvegni.it\/en\/wp-json\/wp\/v2\/comments?post=2047"}],"version-history":[{"count":0,"href":"https:\/\/congressiconvegni.it\/en\/wp-json\/wp\/v2\/pages\/2047\/revisions"}],"wp:attachment":[{"href":"https:\/\/congressiconvegni.it\/en\/wp-json\/wp\/v2\/media?parent=2047"}],"curies":[{"name":"wp","href":"https:\/\/api.w.org\/{rel}","templated":true}]}}