{"id":2055,"date":"2015-05-23T17:37:30","date_gmt":"2015-05-23T17:37:30","guid":{"rendered":"http:\/\/webmastersi.com\/?page_id=2055"},"modified":"2015-05-23T17:37:30","modified_gmt":"2015-05-23T17:37:30","slug":"come-cancellare-ricerche-sui-motori-sui-social-network","status":"publish","type":"page","link":"https:\/\/congressiconvegni.it\/en\/come-cancellare-ricerche-sui-motori-sui-social-network\/","title":{"rendered":"Come cancellare le ricerche sui motori e sui social network"},"content":{"rendered":"<div align=\"justify\">All&#8217;inizio di Giugno \u00e8 stata recepita dal <b>Garante della Privacy<\/b> la normativa europea <b>sull&#8217;utilizzo dei cookie<\/b> che comporter\u00e0 per tutti i siti web di<b>mostrare un banner<\/b> con le istruzioni la prima volta che un navigatore li visiter\u00e0. C&#8217;\u00e8 ancora un anno di tempo per ottemperare alla normativa e sicuramente torner\u00f2 su questo argomento. I cookie servono appunto per<b> tracciare gli interessi tramite la cronologia dell&#8217;utente<\/b> in modo da<b>mostrargli degli annunci pubblicitari pi\u00f9 mirati<\/b>. Questo metodo viene utilizzato gi\u00e0 da anni con la <b>pubblicit\u00e0 di Google<\/b> e adesso anche<b>Facebook lo adotter\u00e0<\/b>.<\/div>\n<div align=\"justify\"><\/div>\n<div align=\"justify\">Ovviamente non tutti gli utenti sono contenti di essere spiati e tracciati quando navigano per il web d&#8217;altra parte i cookie sono molto importanti per non dover continuamente accedere con le nostre credenziali agli account pi\u00f9 importanti. Vediamo le cose che si possono fare per <b>limitare se non per annullare completamente<\/b> le informazioni che vengono archiviate su di noi nei motori e nei social network.<\/div>\n<h2 align=\"justify\">ELIMINARE LA CRONOLOGIA DAI BROWSER<\/h2>\n<div align=\"justify\">Questa operazione pu\u00f2 essere fatta ogni tanto oppure sceglierla di default. \u00c8 anche utile per velocizzare il browser. Con <b>Chrome<\/b> si va su <b>Strumenti &gt; Cancella dati di navigazione<\/b><\/div>\n<div align=\"justify\"><\/div>\n<div align=\"justify\"><img fetchpriority=\"high\" decoding=\"async\" title=\"cancellare-dati-navigazione\" src=\"http:\/\/lh4.ggpht.com\/-nQymlc5SfsU\/U6A8F6osYJI\/AAAAAAAAnoI\/vRexZ03WCDI\/cancellare-dati-navigazione3.jpg?imgmax=800\" alt=\"cancellare-dati-navigazione\" width=\"495\" height=\"340\" border=\"0\" \/><\/div>\n<div align=\"justify\"><\/div>\n<div align=\"justify\">Nella finestra successiva si mette la spunta agli elementi da eliminare<\/div>\n<div align=\"justify\"><\/div>\n<div align=\"justify\"><img decoding=\"async\" title=\"cancellare-dati-navigazione[4]\" src=\"http:\/\/lh3.ggpht.com\/-SUlAbTLqslo\/U6A8H21rJ5I\/AAAAAAAAnoQ\/3LxC0LQ66ng\/cancellare-dati-navigazione42.jpg?imgmax=800\" alt=\"cancellare-dati-navigazione[4]\" width=\"437\" height=\"340\" border=\"0\" \/><\/div>\n<div align=\"justify\"><\/div>\n<div align=\"justify\">Come detto <b>cancellare i cookie pu\u00f2 essere penalizzante<\/b> ma possiamo <a title=\"eliminare un cookie specifico\" href=\"http:\/\/www.ideepercomputeredinternet.com\/2012\/10\/cookie-browser-chrome-firefox-ie-eliminare.html\" target=\"_blank\"><b>eliminare un cookie specifico<\/b><\/a>. La cancellazione di un dato cookie pu\u00f2 essere fatta con tutti i browser. Con<b> Chrome<\/b> non \u00e8 possibile impostare la <b>cancellazione automatica della Cronologia<\/b> quando si termina una sessione. Si pu\u00f2 per\u00f2 per\u00f2 usare l&#8217;estensione <a title=\"No History\" href=\"https:\/\/chrome.google.com\/webstore\/detail\/no-history\/ljamgkbcojbnmcaonjokopmcblmmpfch\" target=\"_blank\"><b>No History<\/b><\/a> come alternativa alla navigazione <b>In Incognito<\/b>.<\/div>\n<div align=\"justify\"><\/div>\n<div align=\"justify\">Anche con<b> Firefox<\/b> \u00e8 possibile <b>cancellare uno specifico cookie<\/b> cos\u00ec come si pu\u00f2<b> cancellare tutta la Cronologia<\/b> cliccando su<b> Cronologia &gt; Cancella la Cronologia recente<\/b><\/div>\n<div align=\"justify\"><\/div>\n<div align=\"justify\"><img decoding=\"async\" title=\"cancellare-cronologia-firefox\" src=\"http:\/\/lh4.ggpht.com\/-6PsXGVudbs0\/U6A8KVjSn3I\/AAAAAAAAnoY\/1myT7hDkFMc\/cancellare-cronologia-firefox3.jpg?imgmax=800\" alt=\"cancellare-cronologia-firefox\" width=\"362\" height=\"340\" border=\"0\" \/><\/div>\n<div align=\"justify\"><\/div>\n<div align=\"justify\">e andando poi su <b>Cancella adesso<\/b> dopo aver messo la spunta accanto agli elementi da eliminare. Su<b>Firefox<\/b> \u00e8 anche possibile <b>impostare la cancellazione automatica della Cronologia<\/b> Si va su<b>Strumenti &gt; Opzioni &gt; Privacy &gt; Impostazioni Cronologia &gt; Non salvare la cronologia<\/b><\/div>\n<div align=\"justify\"><\/div>\n<div align=\"justify\"><img loading=\"lazy\" decoding=\"async\" title=\"non-salvare-cronologia\" src=\"http:\/\/lh3.ggpht.com\/-IAiiXWO0-M8\/U6A8MefFgDI\/AAAAAAAAnog\/mCMZg9RhnIM\/non-salvare-cronologia3.jpg?imgmax=800\" alt=\"non-salvare-cronologia\" width=\"511\" height=\"340\" border=\"0\" \/><\/div>\n<div align=\"justify\"><\/div>\n<div align=\"justify\">Con queste impostazioni del browser <b>si limita di molto il numero di informazioni<\/b> che vengono archiviate riguardo alle nostre ricerche, ai siti che visitiamo e ai nostri interessi.<\/div>\n<div align=\"justify\"><\/div>\n<h2 align=\"justify\">GOOGLE<\/h2>\n<h2 align=\"justify\"><\/h2>\n<div align=\"justify\">Quando si naviga dopo aver effettuato <b>l&#8217;accesso al nostro account Google<\/b> le nostre azioni vengono automaticamente <b>registrate e utilizzate per offrirci risultati di ricerca migliori ma anche per migliorare la qualit\u00e0 e la pertinenza degli annunci<\/b> che vedremo nei vari siti che li ospitano.<\/div>\n<div align=\"justify\"><\/div>\n<div align=\"justify\">Si pu\u00f2 <b>cancellare questa cronologia<\/b> accedendo alla pagina<b> <\/b><a title=\"History\" href=\"https:\/\/history.google.com\/history\/\" target=\"_blank\"><b>History<\/b><\/a> con il nostro account. Si visualizzeranno anche dei grafici sulla nostra attivit\u00e0 di ricerca oraria e giornaliera<\/div>\n<div align=\"justify\"><\/div>\n<div align=\"justify\"><img loading=\"lazy\" decoding=\"async\" title=\"cronologia-google\" src=\"http:\/\/lh5.ggpht.com\/-2IF_cjkJlOE\/U6A8OWxvvcI\/AAAAAAAAnoo\/eoorwFum00Y\/cronologia-google3.jpg?imgmax=800\" alt=\"cronologia-google\" width=\"573\" height=\"191\" border=\"0\" \/><\/div>\n<div align=\"justify\"><\/div>\n<div align=\"justify\">Pi\u00f9 in basso saranno<b> visualizzate tutte le ricerche fatte da loggati<\/b><\/div>\n<div align=\"justify\"><\/div>\n<div align=\"justify\"><img loading=\"lazy\" decoding=\"async\" title=\"cronologia-ricerche-google\" src=\"http:\/\/lh4.ggpht.com\/-38ieJYPr6Hw\/U6A8Qq5BcLI\/AAAAAAAAnow\/0LA4hkJsitI\/cronologia-ricerche-google4.jpg?imgmax=800\" alt=\"cronologia-ricerche-google\" width=\"605\" height=\"278\" border=\"0\" \/><\/div>\n<div align=\"justify\"><\/div>\n<div align=\"justify\">Si pu\u00f2 <b>eliminare una singola ricerca oppure cancellarle tutte<\/b> mettendo la spunta <b>al quadratino pi\u00f9 in alto<\/b>. Andando in alto a destra su <b>Impostazioni <\/b>si pu\u00f2 disattivare la<b> Cronologia\u00a0<\/b><\/div>\n<div align=\"justify\"><\/div>\n<div align=\"justify\"><img loading=\"lazy\" decoding=\"async\" title=\"disattivare-cronologia-google\" src=\"http:\/\/lh5.ggpht.com\/-STjCMvWqmGQ\/U6A8SkPihWI\/AAAAAAAAno4\/IUZd0bR9cW4\/disattivare-cronologia-google3.jpg?imgmax=800\" alt=\"disattivare-cronologia-google\" width=\"573\" height=\"139\" border=\"0\" \/><\/div>\n<div align=\"justify\"><\/div>\n<div align=\"justify\">Questa impostazione ovviamente impedir\u00e0 l&#8217;utilizzo di funzioni come quella di <b>Google Now<\/b>.<\/div>\n<div align=\"justify\"><\/div>\n<h2 align=\"justify\">FACEBOOK<\/h2>\n<h2 align=\"justify\"><\/h2>\n<div align=\"justify\">Se avete aperta una<b> pagina Facebook<\/b> o avete fatto delle <b>ricerche su una persona o un prodotto<\/b>tutto questo finir\u00e0 nel <b>registro delle attivit\u00e0<\/b>. Per fortuna si pu\u00f2 <b>cancellarlo<\/b> accedendo al proprio<b>Profilo di Facebook<\/b>. Si clicca su <b>Visualizza Registra Attivit\u00e0 <\/b>in <b>basso a destra della copertina<\/b><\/div>\n<div align=\"justify\"><\/div>\n<div align=\"justify\"><img loading=\"lazy\" decoding=\"async\" title=\"visualizza-registro-attivit\u00e0\" src=\"http:\/\/lh3.ggpht.com\/-ho4SkqtgO9M\/U6A8UusAqqI\/AAAAAAAAnpA\/MOgLG97uaoI\/visualizza-registro-attivit3.jpg?imgmax=800\" alt=\"visualizza-registro-attivit\u00e0\" width=\"573\" height=\"234\" border=\"0\" \/><\/div>\n<div align=\"justify\"><\/div>\n<div align=\"justify\">Saranno<b> elencate tutte le azioni compiute a partire dalle pi\u00f9 recenti<\/b><\/div>\n<div align=\"justify\"><\/div>\n<div align=\"justify\"><img loading=\"lazy\" decoding=\"async\" title=\"REgistro-attivit\u00e0-facebook\" src=\"http:\/\/lh5.ggpht.com\/-pGwM-YAvmMw\/U6A8WqZ2IyI\/AAAAAAAAnpI\/7A-u1hmIuBs\/REgistro-attivit-facebook4.jpg?imgmax=800\" alt=\"REgistro-attivit\u00e0-facebook\" width=\"507\" height=\"367\" border=\"0\" \/><\/div>\n<div align=\"justify\"><\/div>\n<div align=\"justify\">Sulla sinistra viene visualizzata una <b>icona di una matita<\/b>. Cliccandoci sopra si pu\u00f2 scegliere di<b>eliminare <\/b>l&#8217;elemento, di <b>nasconderlo<\/b> o addirittura di metterlo <b>in evidenza nel Diario<\/b>.<\/div>\n<div align=\"justify\"><\/div>\n<div align=\"justify\"><img loading=\"lazy\" decoding=\"async\" title=\"registro-attivit\u00e0-facebook[5]\" src=\"http:\/\/lh5.ggpht.com\/-M_HIu1UFeBc\/U6A8YhISLFI\/AAAAAAAAnpQ\/aitpJaMnq20\/registro-attivit-facebook52.jpg?imgmax=800\" alt=\"registro-attivit\u00e0-facebook[5]\" width=\"544\" height=\"222\" border=\"0\" \/><\/div>\n<div align=\"justify\"><\/div>\n<div align=\"justify\">Sulla parte sinistra della pagina si va su <b>ALTRO<\/b> per visualizzare tutte le voci quindi su <b>Cerca<\/b><\/div>\n<div align=\"justify\"><\/div>\n<div align=\"justify\"><img loading=\"lazy\" decoding=\"async\" title=\"cancellare-ricerche-facebook\" src=\"http:\/\/lh5.ggpht.com\/-cQjVcuOpqYc\/U6A8aj9W1vI\/AAAAAAAAnpY\/SYgQNu7tL2M\/cancellare-ricerche-facebook4.jpg?imgmax=800\" alt=\"cancellare-ricerche-facebook\" width=\"560\" height=\"354\" border=\"0\" \/><\/div>\n<div align=\"justify\"><\/div>\n<div align=\"justify\">Si pu\u00f2 <b>eliminare una singola ricerca cliccando sulla icona icona relativa<\/b> mentre per <b>cancellare tutto<\/b> si deve andare in alto su<b> Cancella Ricerche<\/b> per poi confermare la decisione<\/div>\n<div align=\"justify\"><\/div>\n<div align=\"justify\"><img loading=\"lazy\" decoding=\"async\" title=\"cancellare-ricerche-facebook[5]\" src=\"http:\/\/lh3.ggpht.com\/-QX15s5A5Jnk\/U6A8coLUKII\/AAAAAAAAnpg\/6X8vQ7n-dVY\/cancellare-ricerche-facebook52.jpg?imgmax=800\" alt=\"cancellare-ricerche-facebook[5]\" width=\"573\" height=\"163\" border=\"0\" \/><\/div>\n<div align=\"justify\"><\/div>\n<div align=\"justify\">Dopo questa operazione la pagina diventer\u00e0 completamente vuota.<\/div>\n<div align=\"justify\"><\/div>\n<h2 align=\"justify\">YOUTUBE<\/h2>\n<h2 align=\"justify\"><\/h2>\n<div align=\"justify\">Avete accidentalmente cercato un video su <b>Youtube<\/b> che <b>non volete che compaia nella Cronologia<\/b>delle ricerche? \u00c8 una cosa che si pu\u00f2 risolvere abbastanza facilmente. Bisogna accedere alla pagina della<a title=\"Mia Cronologia delle ricerche\" href=\"https:\/\/www.youtube.com\/my_search_history\" target=\"_blank\"><b>Mia Cronologia delle ricerche<\/b><\/a> da loggati su <b>Youtube<\/b><\/div>\n<div align=\"justify\"><\/div>\n<div align=\"justify\"><img loading=\"lazy\" decoding=\"async\" title=\"cronologia-ricerche-youtube\" src=\"http:\/\/lh6.ggpht.com\/-erNE229nA-E\/U6A8ejabdaI\/AAAAAAAAnpo\/oqc1EB5fyK8\/cronologia-ricerche-youtube%25255B3%25255D.jpg?imgmax=800\" alt=\"cronologia-ricerche-youtube\" width=\"573\" height=\"286\" border=\"0\" \/><\/div>\n<div align=\"justify\"><\/div>\n<div align=\"justify\"><\/div>\n<div align=\"justify\">Si possono <b>cancellare delle singole ricerche<\/b> mettendo la <b>spunta nel quadratino di controllo<\/b> ma alternativamente \u00e8 possibile <b>cancellare tutte le ricerche <\/b>oppure <b>sospendere la Cronologia delle ricerche<\/b> perch\u00e9 non vengano pi\u00f9 rilevate. Tale cronologia pu\u00f2 essere poi ripresa in qualsiasi momento. Se pretendiamo una<b> privacy ancora pi\u00f9 spinta<\/b> possiamo anche cancellare <b>la <\/b><a title=\"Cronologia delle visualizzazioni\" href=\"https:\/\/www.youtube.com\/feed\/history\" target=\"_blank\"><b>Cronologia delle visualizzazioni<\/b><\/a> che tiene conto di tutti i <b>video di Youtube che abbiamo aperto<\/b><\/div>\n<div align=\"justify\"><\/div>\n<div align=\"justify\"><img loading=\"lazy\" decoding=\"async\" title=\"cronologia-visualizzazioni-youtube\" src=\"http:\/\/lh6.ggpht.com\/-sZvp0bY_lCI\/U6A8gRFgQTI\/AAAAAAAAnpw\/tNVtiod7AWg\/cronologia-visualizzazioni-youtube%25255B3%25255D.jpg?imgmax=800\" alt=\"cronologia-visualizzazioni-youtube\" width=\"573\" height=\"183\" border=\"0\" \/><\/div>\n<div align=\"justify\"><\/div>\n<div align=\"justify\">\u00c8 visibile il numero dei video visti con tale<b> Cronologia<\/b> attivata. Come nel caso precedente possiamo<b>cancellare uno o pi\u00f9 video oppure tutta la cronologia. <\/b>Si pu\u00f2 sospendere <b>la rilevazione della Cronologia<\/b> per poi eventualmente riprenderla. C&#8217;\u00e8 anche la voce <b>Tag <\/b>per poter<b> filtrare i video visti\u00a0<\/b><\/div>\n<div align=\"justify\"><\/div>\n<div align=\"justify\"><img loading=\"lazy\" decoding=\"async\" title=\"cronologia-visualizzazioni\" src=\"http:\/\/lh3.ggpht.com\/-Xi9cCwGkiqA\/U6A8iWGBWtI\/AAAAAAAAnp4\/v-0oc6dJ-fk\/cronologia-visualizzazioni%25255B3%25255D.jpg?imgmax=800\" alt=\"cronologia-visualizzazioni\" width=\"573\" height=\"221\" border=\"0\" \/><\/div>\n<div align=\"justify\">Abbiamo dato dei <b>Mi Piace<\/b> a dei video e <b>poi ce ne siamo pentiti<\/b>? Si va su <b>Video Piaciuti<\/b> che si trova nella colonna di sinistra per poi eventualmente <b>cancellare quelli che non ci piacciono pi\u00f9<\/b><\/div>\n<div align=\"justify\"><\/div>\n<div align=\"justify\"><img loading=\"lazy\" decoding=\"async\" title=\"video-piaciuti-youtube\" src=\"http:\/\/lh4.ggpht.com\/-3Wv9dXwAYwk\/U6A8kRnKvRI\/AAAAAAAAnqA\/3FH9ZlgYniE\/video-piaciuti-youtube%25255B3%25255D.jpg?imgmax=800\" alt=\"video-piaciuti-youtube\" width=\"424\" height=\"340\" border=\"0\" \/><\/div>\n<h2 align=\"justify\"><\/h2>\n<h2 align=\"justify\">TWITTER<\/h2>\n<h2 align=\"justify\"><\/h2>\n<div align=\"justify\">Contrariamente ai motori e agli altri social network <b>Twitter<\/b> manterr\u00e0 solo le <b>ricerche pi\u00f9 recenti<\/b> che comunque potranno essere <b>eliminate con facilit\u00e0<\/b>. Si clicca nella<b> Casella di ricerca<\/b><\/div>\n<div align=\"justify\"><\/div>\n<div align=\"justify\"><img loading=\"lazy\" decoding=\"async\" title=\"ricerche-twitter\" src=\"http:\/\/lh5.ggpht.com\/-VinlgXrg2uQ\/U6A8mR37ahI\/AAAAAAAAnqI\/lA05wfUJKi0\/ricerche-twitter%25255B3%25255D.jpg?imgmax=800\" alt=\"ricerche-twitter\" width=\"573\" height=\"313\" border=\"0\" \/><\/div>\n<div align=\"justify\"><\/div>\n<div align=\"justify\">Si visualizzeranno le <b>ultime ricerche effettuate<\/b> che potranno essere <b>cancellate individualmente<\/b>oppure <b>tutte eliminate<\/b> andando su <b>Cancella tutto<\/b>.<\/div>\n<div align=\"justify\"><\/div>\n<h2 align=\"justify\">YAHOO!<\/h2>\n<h2 align=\"justify\"><\/h2>\n<div align=\"justify\"><b>Yahoo<\/b> non ha l&#8217;opzione di cancellazione di tutte le ricerche effettuate. Si pu\u00f2 per\u00f2 fare in modo che<b>queste ricerche non vengano pi\u00f9 archiviate<\/b>. Si accede nel <a title=\"Men\u00f9 delle Preferenze yahoo\" href=\"http:\/\/search.yahoo.com\/preferences\/preferences\" target=\"_blank\"><b>Men\u00f9 delle Preferenze<\/b><\/a> loggati con il nostro account e in <b>Keep Search History<\/b> si seleziona<b> Search History off<\/b><\/div>\n<div align=\"justify\"><\/div>\n<div align=\"justify\"><img loading=\"lazy\" decoding=\"async\" title=\"yahoo-search-history\" src=\"http:\/\/lh4.ggpht.com\/-52kRLQhSJCY\/U6A8oqg91SI\/AAAAAAAAnqQ\/o7wxFlc3vO8\/yahoo-search-history%25255B3%25255D.jpg?imgmax=800\" alt=\"yahoo-search-history\" width=\"573\" height=\"241\" border=\"0\" \/><\/div>\n<div align=\"justify\"><\/div>\n<div align=\"justify\">Ricordarsi di cliccare su<b> Save<\/b> per rendere effettiva la modifica. Anche la <b>pubblicit\u00e0 di Yahoo<\/b> come quella di<b> Google<\/b> si basa sugli interessi e quindi sui cookie presenti nel browser. Per evitarlo si pu\u00f2 andare su <a title=\"Ad Interest Manager yahoo\" href=\"https:\/\/info.yahoo.com\/privacy\/us\/yahoo\/opt_out\/targeting\/details.html\" target=\"_blank\"><b>Ad Interest Manager<\/b><\/a> e cancellare <b>tutte le sezioni merceologiche che non ci interessano<\/b> oppure andare su <b>Opt Out<\/b> per impedire che gli <b>annunci Yahoo<\/b> risultino funzione dei cookie<\/div>\n<div align=\"justify\"><\/div>\n<div align=\"justify\"><img loading=\"lazy\" decoding=\"async\" title=\"ad-interest-manager\" src=\"http:\/\/lh6.ggpht.com\/-gpqFxRiU0Rk\/U6A8qpOLWKI\/AAAAAAAAnqY\/GQcVouqryjQ\/ad-interest-manager%25255B3%25255D.jpg?imgmax=800\" alt=\"ad-interest-manager\" width=\"573\" height=\"273\" border=\"0\" \/><\/div>\n<h2 align=\"justify\"><\/h2>\n<h2 align=\"justify\">BING<\/h2>\n<h2 align=\"justify\"><\/h2>\n<div align=\"justify\">Una delle pi\u00f9 belle battute che ho sentito su<b> Bing<\/b> \u00e8 quella secondo cui <i>quando un utente fa una ricerca con quel motore nella sede della Microsoft si danno il cinque<\/i>. Scherzi a parte almeno negli USA sicuramente <a title=\"Bing\" href=\"http:\/\/www.bing.com\/\" target=\"_blank\"><b>Bing<\/b><\/a> si \u00e8 ritagliato un mercato non indifferente. Anche su questo motore si pu\u00f2 <b>cancellare la Cronologia<\/b> andando nella pagina<b> <\/b><a title=\"History\" href=\"https:\/\/ssl.bing.com\/profile\/history\" target=\"_blank\"><b>History<\/b><\/a> per poi scegliere una delle opzioni presenti<\/div>\n<div align=\"justify\"><\/div>\n<div align=\"justify\"><img loading=\"lazy\" decoding=\"async\" title=\"cronologia-bing\" src=\"http:\/\/lh4.ggpht.com\/-LRQRu3bWNiY\/U6A8soqVsmI\/AAAAAAAAnqg\/DLr9hsoUP88\/cronologia-bing%25255B3%25255D.jpg?imgmax=800\" alt=\"cronologia-bing\" width=\"573\" height=\"249\" border=\"0\" \/><\/div>\n<div align=\"justify\"><\/div>\n<div align=\"justify\">Si pu\u00f2 <b>disattivare<\/b> per non avere pi\u00f9 le nostre ricerche memorizzate e si pu\u00f2 anche andare su <b>Cancella tutto<\/b> per eliminare tutta la <b>Cronologia passata<\/b>. Si possono <b>personalizzare anche le opzioni per i cookie<\/b> accedendo alle <a title=\"Preferenze sulla Pubblicit\u00e0 Personalizzata\" href=\"http:\/\/choice.microsoft.com\/it-it\/opt-out\" target=\"_blank\"><b>Preferenze sulla Pubblicit\u00e0 Personalizzata<\/b><\/a><\/div>\n<div align=\"justify\"><\/div>\n<div align=\"justify\"><b><img loading=\"lazy\" decoding=\"async\" title=\"pubblicit\u00e0-personalizzata-microsoft\" src=\"http:\/\/lh6.ggpht.com\/-_xVeqHPg6kU\/U6A8vbIkZkI\/AAAAAAAAnqo\/ZjXept9NjBo\/pubblicit%2525C3%2525A0-personalizzata-microsoft%25255B3%25255D.jpg?imgmax=800\" alt=\"pubblicit\u00e0-personalizzata-microsoft\" width=\"573\" height=\"289\" border=\"0\" \/><\/b><\/div>\n<div align=\"justify\"><\/div>\n<div align=\"justify\">La disattivazione quando si usa il nostro account <b>Microsoft<\/b> non \u00e8 al momento prevista mentre \u00e8 gi\u00e0 possibile <b>disattivare le pubblicit\u00e0 personalizzate<\/b> nel browser.<\/div>","protected":false},"excerpt":{"rendered":"<p>All&#8217;inizio di Giugno \u00e8 stata recepita dal Garante della Privacy la normativa europea sull&#8217;utilizzo dei cookie che comporter\u00e0 per tutti i siti web dimostrare un banner con le istruzioni la prima volta che un navigatore li visiter\u00e0. C&#8217;\u00e8 ancora un anno di tempo per ottemperare alla normativa e sicuramente torner\u00f2 su questo argomento. I cookie [&hellip;]<\/p>","protected":false},"author":2,"featured_media":0,"parent":0,"menu_order":0,"comment_status":"open","ping_status":"closed","template":"","meta":{"jetpack_post_was_ever_published":false,"footnotes":""},"class_list":["post-2055","page","type-page","status-publish","hentry"],"jetpack_shortlink":"https:\/\/wp.me\/P5llZ0-x9","jetpack_sharing_enabled":true,"_links":{"self":[{"href":"https:\/\/congressiconvegni.it\/en\/wp-json\/wp\/v2\/pages\/2055","targetHints":{"allow":["GET"]}}],"collection":[{"href":"https:\/\/congressiconvegni.it\/en\/wp-json\/wp\/v2\/pages"}],"about":[{"href":"https:\/\/congressiconvegni.it\/en\/wp-json\/wp\/v2\/types\/page"}],"author":[{"embeddable":true,"href":"https:\/\/congressiconvegni.it\/en\/wp-json\/wp\/v2\/users\/2"}],"replies":[{"embeddable":true,"href":"https:\/\/congressiconvegni.it\/en\/wp-json\/wp\/v2\/comments?post=2055"}],"version-history":[{"count":0,"href":"https:\/\/congressiconvegni.it\/en\/wp-json\/wp\/v2\/pages\/2055\/revisions"}],"wp:attachment":[{"href":"https:\/\/congressiconvegni.it\/en\/wp-json\/wp\/v2\/media?parent=2055"}],"curies":[{"name":"wp","href":"https:\/\/api.w.org\/{rel}","templated":true}]}}