{"id":2068,"date":"2015-07-24T09:06:09","date_gmt":"2015-07-24T09:06:09","guid":{"rendered":"http:\/\/congressiconvegni.it\/?page_id=2068"},"modified":"2024-05-02T15:59:37","modified_gmt":"2024-05-02T13:59:37","slug":"privacy","status":"publish","type":"page","link":"https:\/\/congressiconvegni.it\/en\/privacy\/","title":{"rendered":"Privacy Policy"},"content":{"rendered":"<h2 class=\"wp-block-heading\"><a href=\"https:\/\/www.iubenda.com\/privacy-policy\/16906865\" target=\"_blank\" rel=\"noreferrer noopener\"><strong>Privacy Policy<\/strong><\/a><\/h2>\n\n\n\n<h2 class=\"wp-block-heading\"><strong><a href=\"https:\/\/www.iubenda.com\/privacy-policy\/16906865\/legal\" target=\"_blank\" rel=\"noreferrer noopener\">Visualizza la Privacy Policy Completa<\/a><\/strong><\/h2>\n\n\n<p><strong>INFORMATIVA E CONSENSO CONCERNENTI LA TUTELA DEI DATI PERSONALI<\/strong><\/p>\n<p>DOUBLE EM SRL con sede legale in Genova Via E. Baroni 2\/3 sc. dx (qui di seguito solo \u201cDOUBLE EM\u201d) in qualit\u00e0 di titolare del trattamento dei dati personali ai sensi del d. lgs. 196\/2003 e successive modifiche \u2013 Codice in materia di protezione dei dati personali (\u201cCodice Privacy\u201d) \u2013 e del Regolamento UE 679\/2016 applicabile dal 25 Maggio 2018 \u2013 Regolamento Generale sulla Protezione dei Dati (\u201cRGPD\u201d) (d\u2019ora in avanti Codice Privacy e RGPD sono collettivamente indicati come \u201cNormativa Applicabile\u201d) riconosce l\u2019importanza della protezione dei dati personali e considera la sua tutela uno degli obiettivi principali della propria attivit\u00e0.<br \/>Prima di comunicare qualsiasi dato personale, DOUBLE EM vi invita a leggere con attenzione la presente privacy policy (\u201cPrivacy Policy\u201d), poich\u00e9 contiene informazioni importanti sulla tutela dei dati personali e sulle misure di sicurezza adottate per garantirne la riservatezza nel pieno rispetto della Normativa Applicabile. La presente Privacy Policy, inoltre:<\/p>\n<ul>\n<li>si intende resa solo per il sito https:\/\/congressiconvegni.it\/ (\u201cSito\u201d) mentre non si applica ad altri siti web eventualmente consultati tramite link esterni;<\/li>\n<li>\u00e8 da intendersi quale Informativa resa ai sensi dell\u2019art. 13 della Normativa Applicabile a coloro che interagiscono con il Sito;<\/li>\n<li>si conforma alla Raccomandazione n. 2\/2001 relativa ai requisiti minimi per la raccolta di dati on-line nell\u2019Unione Europea, adottata il 17 maggio 2001 dal Gruppo di Lavoro Articolo 29.<\/li>\n<\/ul>\n<p>DOUBLE EM informa che il trattamento dei suoi dati personali sar\u00e0 improntato ai principi di liceit\u00e0, correttezza, trasparenza, limitazione delle finalit\u00e0 e della conservazione, minimizzazione dei dati, esattezza, integrit\u00e0 e riservatezza. I suoi dati personali verranno pertanto trattati in accordo alle disposizioni legislative della Normativa Applicabile e degli obblighi di riservatezza ivi previsti.<\/p>\n<p><strong>INDICE<\/strong><br \/>Di seguito l\u2019indice della presente Privacy Policy cos\u00ec che Lei possa facilmente trovare le informazioni inerenti al trattamento dei suoi dati personali.<\/p>\n<ol>\n<li>TITOLARE E DATA PROTECTION OFFICER<\/li>\n<li>I DATI PERSONALI OGGETTO DI TRATTAMENTO<br \/>a. Dati di navigazione<br \/>b. Dati forniti volontariamente<br \/>c. Cookie e tecnologie affini<\/li>\n<li style=\"text-align: left;\">FINALITA\u2019, BASE GIURIDICA E NATURA OBBLIGATORIA O FACOLTATIVA DEL TRATTAMENTO<\/li>\n<li style=\"text-align: left;\">DESTINATARI<\/li>\n<li style=\"text-align: left;\">TRASFERIMENTI<\/li>\n<li style=\"text-align: left;\">CONSERVAZIONE DEI DATI<\/li>\n<li style=\"text-align: left;\">I TUOI DIRITTI<\/li>\n<li style=\"text-align: left;\">MODIFICHE<\/li>\n<\/ol>\n<p style=\"padding-left: 40px;\"><strong>1. TITOLARE E RESPONSABILE DELLE PROTEZIONE DEI DATI PERSONALI (ANCHE DATA PROTECTION OFFICER o DPO)<\/strong><\/p>\n<p>Alla luce della Normativa Applicabile, titolare del trattamento del Sito \u00e8 DOUBLE EM \u00a0come sopra definito. A seguito di apposita attivit\u00e0 valutativa DOUBLE EM \u00e8 risultato non tenuto alla nomina obbligatoria di un Responsabile delle protezione dei dati nel rispetto dell\u2019art. 37 del Regolamento UE 2016\/679 e delle \u201cLinee guida sui responsabili della protezione dei dati\u201d emendate e adottate in data 5 aprile 2017, in quanto DOUBLE EM non \u00e8 un autorit\u00e0 pubblica o un organismo pubblico, le attivit\u00e0 principali svolte non consistono nel trattamento, su larga scala, di categorie particolari di dati personali di cui all\u2019articolo 9 o di dati relativi a condanne penali e a reati di cui all\u2019articolo 10 e non consistono in trattamenti che, per loro natura, ambito di applicazione e\/o finalit\u00e0, richiedono il monitoraggio regolare e sistematico degli interessati su larga scala. Pertanto DOUBLE EM non ha nominato un responsabile della protezione dei dati (Data Protection Officer o \u201cDPO\u201d). Per qualunque informazione inerente il trattamento dei dati personali di DOUBLE EM tra cui l\u2019elenco dei responsabili che trattano dati, pu\u00f2 contattare il titolare all\u2019indirizzo <a href=\"mailto:marengo@double-em.it\">marengo@double-em.it<\/a> oppure telefonicamente al numero + 39 010 8602968<\/p>\n<p style=\"padding-left: 40px;\"><strong>2. I DATI PERSONALI OGGETTO DI TRATTAMENTO<\/strong><\/p>\n<p>Per \u201cDati Personali\u201d si intende qualsiasi informazione riguardante una persona fisica identificata o identificabile con particolare riferimento a un identificativo come il nome, un numero di identificazione, dati relativi all\u2019ubicazione, un identificativo online o a uno o pi\u00f9 elementi caratteristici della sua identit\u00e0 fisica, fisiologica, psichica, economica, culturale o sociale.<\/p>\n<p>I Dati Personali raccolti dal Sito sono i seguenti:<\/p>\n<p>a) Dati di navigazione<\/p>\n<p>I sistemi informatici del Sito raccolgono alcuni Dati Personali la cui trasmissione \u00e8 implicita nell\u2019uso dei protocolli di comunicazione di Internet. Si tratta di informazioni che non sono raccolte per essere associate a te, ma che per loro stessa natura potrebbero, attraverso elaborazioni ed associazioni con dati detenuti da terzi, permettere di identificarti. Tra questi ci sono gli indirizzi IP o i nomi a dominio dei dispositivi utilizzati per connetterti al Sito, gli indirizzi in notazione URI (Uniform Resource Identifier) delle risorse richieste, l\u2019orario della richiesta, il metodo utilizzato nel sottoporre la richiesta al server, la dimensione del file ottenuto in risposta, il codice numerico indicante lo stato della risposta data dal server (buon fine, errore, ecc.) ed altri parametri relativi al tuo sistema operativo e ambiente informatico.<br \/>Questi dati vengono utilizzati al fine di ricavare informazioni statistiche anonime sull\u2019uso del Sito e per controllarne il corretto funzionamento; per permettere \u2013 vista l\u2019architettura dei sistemi utilizzati \u2013 la corretta erogazione delle varie funzionalit\u00e0 da te richieste, per ragioni di sicurezza e di accertamento di responsabilit\u00e0 in caso di ipotetici reati informatici ai danni del Sito o di terzi e vengono cancellati dopo 7 giorni.<\/p>\n<p>b) Dati forniti volontariamente<\/p>\n<p>Attraverso il Sito ha la possibilit\u00e0 di fornire volontariamente Dati Personali come il nome, il cognome, l\u2019indirizzo, il telefono e l\u2019e-mail per contattare DOUBLE EM ad esempio attraverso i form di raccolta dati presenti sul sito, oppure inviando una e-mail a marengo@double-em.it tratter\u00e0 questi dati nel rispetto della Normativa Applicabile, assumendo che siano riferiti a Lei o a terzi soggetti che l\u2019hanno espressamente autorizzato a conferirli in base ad un\u2019idonea base giuridica che legittima il trattamento dei dati in questione. Rispetto a tali ipotesi, si pone come autonomo titolare del trattamento, assumendosi tutti gli obblighi e le responsabilit\u00e0 di legge. In tal senso, conferisce sul punto la pi\u00f9 ampia manleva rispetto ad ogni contestazione, pretesa, richiesta di risarcimento del danno da trattamento, etc. che dovesse pervenire a DOUBLE EM da terzi soggetti i cui Dati Personali siano stati trattati attraverso il suo utilizzo del Sito in violazione della Normativa Applicabile.<\/p>\n<p>c) Cookie e tecnologie affini<\/p>\n<p>DOUBLE EM raccoglie Dati Personali attraverso cookies. Maggiori informazioni sull\u2019uso dei cookie e tecnologie affini sono disponibili <u>qui.<\/u><\/p>\n<p style=\"padding-left: 40px;\"><strong>3.FINALITA\u2019, BASE GIURIDICA E NATURA OBBLIGATORIA O FACOLTATIVA DEL TRATTAMENTO<\/strong><\/p>\n<p>I Dati Personali che fornisce attraverso il Sito saranno trattati da DOUBLE EM per le seguenti finalit\u00e0:<\/p>\n<p style=\"padding-left: 40px;\">a) finalit\u00e0 inerenti l\u2019esecuzione di un contratto di cui \u00e8 parte o all\u2019esecuzione di misure precontrattuali adottate su sua richiesta (es: richiesta di contatto, di informazioni, ecc.);<\/p>\n<p style=\"padding-left: 40px;\">b) finalit\u00e0 di ricerche\/analisi statistiche su dati aggregati o anonimi, senza dunque possibilit\u00e0 di identificare l\u2019utente, volti a misurare il funzionamento del Sito, misurare il traffico e valutare usabilit\u00e0 e interesse;<\/p>\n<p style=\"padding-left: 40px;\">c) finalit\u00e0 relative all\u2019adempimento di un obbligo legale al quale DOUBLE EM \u00e8 soggetto;<\/p>\n<p style=\"padding-left: 40px;\">d) finalit\u00e0 necessarie ad accertare, esercitare o difendere un diritto in sede giudiziaria o ogniqualvolta le autorit\u00e0 giurisdizionali esercitino le loro funzioni giurisdizionali;<\/p>\n<p style=\"padding-left: 40px;\">e) finalit\u00e0 di marketing (invio di materiale pubblicitario e\/o di cataloghi dei nostri prodotti)<\/p>\n<p>La base legale del trattamento di Dati Personali per le finalit\u00e0 di cui al punto a) \u00e8 l\u2019erogazione di un servizio o il riscontro ad una richiesta che non richiedono il consenso ai sensi della Normativa Applicabile.<br \/>La finalit\u00e0 di cui al punto b) non comporta il trattamento di Dati Personali, la finalit\u00e0 al punto c) riguarda adempimenti di un obbligo legale mentre la finalit\u00e0 di cui al punto d) rappresenta un trattamento legittimo di Dati Personali ai sensi della Normativa Applicabile in quanto, una volta conferiti i Dati Personali, il trattamento \u00e8 invero necessario per adempiere ad un obbligo di legge a cui DOUBLE EM \u00e8 soggetto, la finalit\u00e0 al punto e) \u00e8 consentita solo previo un Suo consenso.<br \/>Il conferimento dei tuoi Dati Personali per la finalit\u00e0 sopra elencate \u00e8 facoltativo, ma il loro eventuale mancato conferimento potrebbe rendere impossibile riscontrare una sua richiesta o adempiere ad un obbligo legale a cui DOUBLE EM \u00e8 soggetto.<\/p>\n<p style=\"padding-left: 40px;\"><strong>4. DESTINATARI<\/strong><br \/>I suoi Dati Personali potranno essere condivisi, per le finalit\u00e0 specificate al punto 3, con:<\/p>\n<ul>\n<li>soggetti necessari per l\u2019erogazione dei servizi offerti dal Sito tra cui a titolo esemplificativo l\u2019invio di e-mail e l\u2019analisi del funzionamento del Sito che agiscono tipicamente in qualit\u00e0 di responsabili del trattamento di DOUBLE EM<\/li>\n<li>\u00a0persone autorizzate da DOUBLE EM al trattamento dei Dati Personali che si siano impegnate alla riservatezza o abbiano un adeguato obbligo legale di riservatezza; (es. dipendenti e collaboratori di DOUBLE EM); (a. e b. sono collettivamente \u201cDestinatari\u201d);<\/li>\n<li>\u00a0autorit\u00e0 giurisdizionali nell\u2019esercizio delle loro funzioni quando richiesto dalla Normativa Applicabile.<\/li>\n<\/ul>\n<p style=\"padding-left: 40px;\"><strong>5<\/strong>.<strong>TRASFERIMENTI<\/strong><\/p>\n<p>I suoi Dati Personali non saranno trasferiti a Destinatari al di fuori dello Spazio Economico Europeo. Nel caso lo fossero in un futuro, DOUBLE EM assicura che il trattamento elettronico e cartaceo dei suoi Dati Personali avverr\u00e0 nel rispetto della Normativa Applicabile. Invero, i trasferimenti si baseranno alternativamente su una decisione di adeguatezza o sulle Standard Model Clauses approvate dalla Commissione Europea. Maggiori informazioni e copia di questi accordi saranno reperibili presso DOUBLE EM<\/p>\n<p style=\"padding-left: 40px;\"><strong>6. CONSERVAZIONE DEI DATI<\/strong><\/p>\n<p>DOUBLE EM tratter\u00e0 i suoi Dati Personali per il tempo strettamente necessario a raggiungere gli scopi indicati al punto 3. A titolo esemplificativo, DOUBLE EM tratter\u00e0 i Dati Personali per il servizio di invio di materiale promozionale fino a quando non decider\u00e0 di disiscriversi dal servizio di newsletter. Fatto salvo quanto sopra, DOUBLE EM tratter\u00e0 i suoi Dati Personali fino al tempo permesso dalla legge Italiana a tutela dei propri interessi (Art. 2947(1)(3) c.c.). Maggiori informazioni in merito al periodo di conservazione dei Dati Personali e ai criteri utilizzati per determinare tale periodo possono essere richieste scrivendo a DOUBLE EM<\/p>\n<p style=\"padding-left: 40px;\"><strong>7. I DIRITTI<\/strong><\/p>\n<p>Nei limiti della Normativa Applicabile, ha il diritto di chiedere a DOUBLE EM, in qualunque momento, l\u2019accesso ai tuoi Dati Personali, la rettifica o la cancellazione degli stessi o di opporsi al loro trattamento, la limitazione del trattamento nonch\u00e9 di ottenere in un formato strutturato, di uso comune e leggibile da dispositivo automatico i dati che ti riguardano.<\/p>\n<p>Le richieste vanno rivolte via e-mail all\u2019indirizzo: <a href=\"mailto:marengo@double-em.it\">marengo@double-em.it<\/a><\/p>\n<p>Ai sensi della Normativa Applicabile, ha in ogni caso il diritto di proporre reclamo all\u2019autorit\u00e0 di controllo competente (Garante per la Protezione dei Dati Personali) qualora ritenessi che il trattamento dei tuoi Dati Personali sia contrario alla normativa vigente.<\/p>\n<p style=\"padding-left: 40px;\"><strong>8. MODIFICHE<\/strong><\/p>\n<p>La presente Privacy Policy \u00e8 in vigore dal maggio 2018. DOUBLE EM si riserva di modificarne o semplicemente aggiornarne il contenuto, in parte o completamente, anche a causa di variazioni della Normativa Applicabile. DOUBLE EM la informer\u00e0 di tali variazioni non appena verranno introdotte e saranno vincolanti non appena pubblicate sul Sito. DOUBLE EM invita quindi a visitare con regolarit\u00e0 questa sezione per prendere cognizione della pi\u00f9 recente ed aggiornata versione della Privacy Policy in modo che tu sia sempre aggiornato sui dati raccolti e sull\u2019uso che ne fa DOUBLE EM.<\/p>\n\n\n<p><\/p>","protected":false},"excerpt":{"rendered":"<p>Privacy Policy Visualizza la Privacy Policy Completa INFORMATIVA E CONSENSO CONCERNENTI LA TUTELA DEI DATI PERSONALI DOUBLE EM SRL con sede legale in Genova Via E. Baroni 2\/3 sc. dx (qui di seguito solo \u201cDOUBLE EM\u201d) in qualit\u00e0 di titolare del trattamento dei dati personali ai sensi del d. lgs. 196\/2003 e successive modifiche \u2013 [&hellip;]<\/p>","protected":false},"author":2,"featured_media":0,"parent":0,"menu_order":0,"comment_status":"closed","ping_status":"closed","template":"","meta":{"jetpack_post_was_ever_published":false,"footnotes":""},"class_list":["post-2068","page","type-page","status-publish","hentry"],"jetpack_shortlink":"https:\/\/wp.me\/P5llZ0-xm","jetpack_sharing_enabled":true,"_links":{"self":[{"href":"https:\/\/congressiconvegni.it\/en\/wp-json\/wp\/v2\/pages\/2068","targetHints":{"allow":["GET"]}}],"collection":[{"href":"https:\/\/congressiconvegni.it\/en\/wp-json\/wp\/v2\/pages"}],"about":[{"href":"https:\/\/congressiconvegni.it\/en\/wp-json\/wp\/v2\/types\/page"}],"author":[{"embeddable":true,"href":"https:\/\/congressiconvegni.it\/en\/wp-json\/wp\/v2\/users\/2"}],"replies":[{"embeddable":true,"href":"https:\/\/congressiconvegni.it\/en\/wp-json\/wp\/v2\/comments?post=2068"}],"version-history":[{"count":2,"href":"https:\/\/congressiconvegni.it\/en\/wp-json\/wp\/v2\/pages\/2068\/revisions"}],"predecessor-version":[{"id":14867,"href":"https:\/\/congressiconvegni.it\/en\/wp-json\/wp\/v2\/pages\/2068\/revisions\/14867"}],"wp:attachment":[{"href":"https:\/\/congressiconvegni.it\/en\/wp-json\/wp\/v2\/media?parent=2068"}],"curies":[{"name":"wp","href":"https:\/\/api.w.org\/{rel}","templated":true}]}}