{"id":2719,"date":"2018-05-31T08:45:21","date_gmt":"2018-05-31T08:45:21","guid":{"rendered":"http:\/\/congressiconvegni.it\/?page_id=2719"},"modified":"2018-05-31T08:45:21","modified_gmt":"2018-05-31T08:45:21","slug":"report-15-errori-non-organizzi-un-evento-medico-scientifico","status":"publish","type":"page","link":"https:\/\/congressiconvegni.it\/en\/report-15-errori-non-organizzi-un-evento-medico-scientifico\/","title":{"rendered":"[Report] I 15 errori da non fare quando organizzi un evento medico-scientifico"},"content":{"rendered":"<p><a href=\"https:\/\/congressiconvegni.it\/wp-content\/uploads\/2015\/06\/13522734_1791256637760919_1350330311951283484_o.jpg\"><img fetchpriority=\"high\" decoding=\"async\" class=\"alignnone wp-image-2487\" src=\"https:\/\/congressiconvegni.it\/wp-content\/uploads\/2015\/06\/13522734_1791256637760919_1350330311951283484_o-300x200.jpg\" alt=\"evento medico\" width=\"482\" height=\"321\" \/><\/a><\/p>\n<p>Di Marina Marengo<\/p>\n<h2>Introduzione<\/h2>\n<p>\u201cI medici preparati sceglieranno i propri collaboratori attentamente, associandosi, se possibile, con quelli pi\u00f9 intelligenti di loro stessi.\u201d<\/p>\n<p>-Joseph D. Sapira \u201cArte e scienza al letto dell\u2019ammalato\u201d<\/p>\n<p>Quando devi organizzare un evento medico-scientifico, sia che si tratti di un convegno o un congresso, piuttosto che una conferenza o un corso con accreditamento ECM, ti trovi sempre davanti a una sfida difficile.<\/p>\n<p>Cerchi di coniugare le necessit\u00e0 promozionali con il valore scientifico, di condensare tutto in un tempo breve e far s\u00ec di rendere soddisfatti tutti &#8211; partecipanti, speaker e sponsor.<\/p>\n<p>La complessit\u00e0 del compito \u00e8 enorme.<\/p>\n<p>Magari dirigi una clinica medico-chirurgica, o sei un medico strutturato, un ricercatore, oppure sei responsabile dell\u2019evento per conto di una societ\u00e0 scientifica o di una casa farmaceutica.<\/p>\n<p>In ogni caso, non c\u2019\u00e8 dubbio:<\/p>\n<p>Qualunque sia il tuo ruolo e la tua qualifica, hai bisogno in primis di contare sull\u2019esperienza e il supporto<br \/>\ndi professionisti dell\u2019organizzazione eventi.<\/p>\n<p>Sai bene che gli eventi possono essere influenzati negativamente da tutta una serie di circostanze, e una volta che il danno \u00e8 fatto. .. non c\u2019\u00e8 una seconda chance per rimediare.<\/p>\n<p>Pensa al caso di un problema tecnico che impedisce agli speaker di farsi sentire dal palco, oppure all\u2019ingorgo che blocca le navette che devono portare i partecipanti alla sede.<\/p>\n<p>E ancora, pensa a un servizio catering insufficiente rispetto alle presenze, o peggio, a del cibo avariato che rischia di mandare centinaia di persone all\u2019ospedale&#8230;<\/p>\n<p>Questo \u00e8 il motivo per cui la pianificazione efficace di un evento richiede un\u2019incredibile attenzione per i dettagli.<\/p>\n<p>Organizzazione e logistica: l\u2019incubo alle porte<\/p>\n<p>Un piccolo errore pu\u00f2 mettere in moto una reazione a catena difficile poi da fermare.<\/p>\n<p>Ogni anno in Italia si tengono pi\u00f9 di 17.000 eventi medico-scientifici, che coinvolgono in media pi\u00f9 di un milione e mezzo di partecipanti.<\/p>\n<p>Nella stragrande maggioranza dei casi, i medici, le societ\u00e0 scientifiche o le case farmaceutiche che promuovono l\u2019evento si guardano bene dall\u2019organizzarlo in prima persona, proprio per evitare l\u2019incubo delle tante piccole cose che possono mandare tutto all\u2019aria.<\/p>\n<p>La scelta pi\u00f9 comune, e pi\u00f9 saggia, \u00e8 rivolgersi a professionisti dell\u2019organizzazione eventi.<\/p>\n<p>Ma a questo punto si pone sempre la questione di COME scegliere il referente giusto, il pi\u00f9 adatto (e preferibilmente con una storia di successo nell\u2019ambito medico-scientifico).<\/p>\n<p>Ecco perch\u00e9, dopo anni di esperienza diretta in questo settore, ho deciso di creare questa breve guida, che ti dar\u00e0 i parametri per scegliere il giusto consulente e valutare con cognizione di causa il suo lavoro.<\/p>\n<p>Non a caso, quindi, la guida si concentra sugli errori che pi\u00f9 frequentemente vedo commettere &#8211; sia da parte dei dirigenti e medici che hanno compiuto la sfortunata scelta di fare tutto da s\u00e9, sia da parte delle aziende e dai consulenti \u201cmolto poco professionali\u201d in cui medici e societ\u00e0 scientifiche incappano facilmente (soprattutto quando non vogliono investire una cifra adatta ad un evento serio).<\/p>\n<p>Mi \u00e8 capitato spesso infatti di correre in salvo di professionisti che, volendo contenere i costi organizzativi, si sono rivolti a chi offriva il preventivo pi\u00f9 basso.<\/p>\n<p>E\u2019 inevitabile che chi fa cos\u00ec, si trova poi &#8211; di fatto &#8211; a dover pagare molto, molto di pi\u00f9 di quanto previsto (sia in termini di budget, che di danno di immagine).<\/p>\n<p>Da qui nasce la necessit\u00e0 di dare uno strumento concreto, una vera e propria checklist pronta all\u2019uso, pensata proprio per chi nell\u2019ambito medico si trova a prendere le decisioni delicate che servono per organizzare un evento di successo.<\/p>\n<p>Dal momento che inizi a pianificare il tuo evento medico-scientifico, ti consiglio quindi di tenere a portata di mano questo documento.<\/p>\n<p>Ti garantisco che sar\u00e0 un punto di riferimento prezioso per valutare il tuo investimento.<\/p>\n<p>Marina Marengo<br \/>\nOwner &#8211; Double EM<\/p>\n<p>ERRORE #1<br \/>\nPensare che i congressi siano tutti uguali<\/p>\n<p>Ogni evento fa storia a s\u00e9, e prevede una serie di variabili, tra cui:<\/p>\n<p>numero persone partecipanti,<br \/>\ntipologia del target,<br \/>\nambito geografico (evento locale, regionale, nazionale oppure internazionale)<\/p>\n<p>In termini generali, dobbiamo innanzitutto distinguere tra congressi &#8211; cio\u00e8 eventi periodici tenuti da enti o associazioni &#8211; e convegni, corsi o seminari, che trattano uno specifico argomento rilevante per un certo target.<\/p>\n<p>L\u2019elemento comune di ogni evento (non solo quindi di quelli medico-scientifici) \u00e8 il riunire una pluralit\u00e0 di persone e di contenuti in un determinato luogo.<\/p>\n<p>E il professionista che si occupa dell\u2019organizzazione deve, come primo impegno, acquisire tutte le informazioni necessarie in merito all&#8217;argomento della manifestazione.<br \/>\nPi\u00f9 precisamente, deve aver ben chiari gli obiettivi da raggiungere e le modalit\u00e0 migliori per comunicarli.<br \/>\nLa fase iniziale prevede anche un forte studio (possibilmente, con entusiasmo) dell&#8217;argomento dell&#8217;evento, del pubblico a cui \u00e8 rivolto e della storia del soggetto che propone l&#8217;evento stesso.<\/p>\n<p>E infatti non ha senso iniziare il vero e proprio lavoro organizzativo, se prima non si sono raccolte tutte le informazioni necessarie sul tema specifico dell\u2019evento, tramite documenti e libri, ma anche tramite consigli ed interviste a persone esperte di quell\u2019argomento.<\/p>\n<p>ERRORE #2<br \/>\nCurare male la logistica<\/p>\n<p>La prima cosa che un partecipante nota riguardo la qualit\u00e0 di un evento \u00e8 la facilit\u00e0 degli spostamenti.<\/p>\n<p>Questo \u00e8 un aspetto cruciale infatti, che richiede il coordinamento di vari attori e un\u2019attenta programmazione.<\/p>\n<p>Immagina ad esempio quanto scarso appeal pu\u00f2 avere un evento organizzato in un luogo difficile da raggiungere.<\/p>\n<p>Se quello \u00e8 il caso, non avr\u00e0 senso avere come obiettivo grossi numeri in termini di partecipanti. N\u00e8 tantomeno riuscirai ad attrarre ospiti autorevoli.<\/p>\n<p>Un\u2019organizzazione impeccabile invece far\u00e0 s\u00ec che tutti i partecipanti arrivino con facilit\u00e0 alla sede, e potendo muoversi comodamente nella citt\u00e0 o nell\u2019area circostante.<\/p>\n<p>ERRORE #3<br \/>\nSottovalutare la comunicazione<\/p>\n<p>Il contenuto scientifico di un evento \u00e8 la sua parte pi\u00f9 rilevante, ma il marketing \u00e8 a sua volta il fattore chiave che garantir\u00e0 successo in termini di partecipazione e impatto.<\/p>\n<p>Per questo motivo \u00e8 giusto che chi si occupa della \u201csostanza\u201d, cio\u00e8 del valore scientifico della manifestazione, non si ritrovi sulle spalle anche questo fardello.<\/p>\n<p>Un piano promozionale efficace preveder\u00e0 la necessaria pubblicit\u00e0, in tutte le forme consone, dalla cartellonistica stradale ai social media e alla stesura di comunicati stampa.<\/p>\n<p>ERRORE #4<br \/>\nSottovalutare la tempistica<\/p>\n<p>Ogni passaggio organizzativo pu\u00f2 richiedere da diversi giorni a diversi mesi di preparazione.<\/p>\n<p>L\u2019analisi iniziale \u00e8 essenziale per capire quanto tempo prima \u00e8 necessario muoversi, e un professionista serio dispone per questo di tabelle di marcia e deadlines per ogni step del processo.<\/p>\n<p>Se facciamo attenzione a non commettere l\u2019ERRORE #1, vedremo come ad esempio un congresso che dispone gi\u00e0 di suo target (facilmente raggiungibile) pu\u00f2 richiedere semplicemente un\u2019attivit\u00e0 di mailing per il lancio.<\/p>\n<p>Ci sono poi invece eventi che costituiscono, per un motivo o per un altro, una novit\u00e0 e hanno bisogno di essere pubblicizzati per tempo in maniera intensiva.<\/p>\n<p>Utilizzando i metodi del marketing diretto si deve fare in modo non solo di farli conoscere, ma anche di raccogliere fin da subito adesioni e\/o sostenitori.<\/p>\n<p>In questo caso bisogner\u00e0 disporre di molto pi\u00f9 tempo, per far in modo di non rischiare un flop.<\/p>\n<p>E per quanto riguarda l\u2019inaugurazione dell\u2019evento, si deve fare una stima di quanto tempo sar\u00e0 necessario perch\u00e9 sia tutto a posto.<\/p>\n<p>Non c\u2019\u00e8 nulla di peggio infatti che avere un\u2019aula piena di addetti indaffarati a finire i lavori quando arriva il primo ospite.<\/p>\n<p>L&#8217;obiettivo dovrebbe essere quello di avere tutto impostato e pronto almeno 30 minuti prima dell\u2019apertura delle registrazioni.<\/p>\n<p>ERRORE #5<br \/>\nScegliere fornitori non collaudati<\/p>\n<p>Questo \u00e8 sicuramente l\u2019errore pi\u00f9 grosso:<\/p>\n<p>La scelta e il coordinamento di fornitori di qualit\u00e0 \u00e8 spesso ci\u00f2 che fa la differenza tra le varie ditte che organizzano eventi.<\/p>\n<p>Se qualcosa va storto, la responsabilit\u00e0 \u00e8 del referente a cui ti sei affidato.<\/p>\n<p>Ogni minimo errore (da una hostess che chiacchiera in sala, al tecnico che non \u00e8 in grado di risolvere il problema, al catering scadente) ricade su di lei\/lui.<\/p>\n<p>Dovr\u00e0 quindi essere sua preoccupazione affidarsi a fornitori competenti e professionali, valutare l&#8217;offerta dal punto di vista qualitativo ed economico, ricevere conferma via email o telefono almeno 48 ore prima da parte di tutti i fornitori, per assicurarsi che non manchino materiali, attrezzature e tutto quello che \u00e8 necessario.<\/p>\n<p>Allo stesso modo, tutta la forza lavoro impiegata dovr\u00e0 essere pronta, adeguatamente formata e all\u2019altezza della situazione.<\/p>\n<p>ERRORE #6<br \/>\nNon controllare concomitanza con altri eventi della stessa tematica<\/p>\n<p>Sembra ovvio, ma purtroppo non lo \u00e8 affatto.<\/p>\n<p>Non capita solo che si organizzino convegni e corsi su tematiche simili in luoghi e tempi ravvicinati.<\/p>\n<p>Bisogna stare attenti a pianificare un congresso in occasione di un grosso evento cittadino come il Salone del mobile a Milano o Pitti a Firenze.<\/p>\n<p>Perci\u00f2 la prudenza non \u00e8 mai troppa.<\/p>\n<p>Va esaminata l\u2019eventuale concomitanza sia di eventi concorrenti che di altre grosse manifestazioni in citt\u00e0.<\/p>\n<p>In caso contrario, sia il lavoro di marketing che la logistica ne soffriranno e organizzare un evento di successo risulter\u00e0 una mission impossible.<\/p>\n<p>ERRORE #7<br \/>\nNon dare giusta rilevanza agli sponsor<\/p>\n<p>Chi finanzia e supporta il tuo convegno (o conferenza o altro) va rispettato e riconosciuto, mettendo nella giusta luce il suo logo all\u2019interno delle locandine e dei materiali cartacei.<\/p>\n<p>E anche in sede va dato il giusto spazio agli sponsor.<\/p>\n<p>Il valore del loro contributo \u00e8 collegato a quello che possono trarne in termini di visibilit\u00e0 e nuovi potenziali clienti, perci\u00f2 anche se non vuoi rendere l\u2019evento troppo \u201ccommerciale\u201d, fa s\u00ec che si tratti di attori con interessi vicini a quelli della tua organizzazione.<br \/>\nERRORE #8<br \/>\nMettere poca cura nel budget preliminare<\/p>\n<p>Stilare un budget in maniera previdente significa tener conto di tutte le voci di spesa. Dimenticarsi una macro area pu\u00f2 infatti far salire di molto i costi a posteriori, oltre a comportare problemi seri.<\/p>\n<p>Un professionista sar\u00e0 quindi molto trasparente nell\u2019identificare e comunicarti le macro aree di spesa. Queste avranno sicuramente a che fare con:<\/p>\n<p>\u2022 sede congressuale (con relativi costi collaterali di attrezzature tecniche, traduzioni, televoter ecc.)<br \/>\n\u2022 catering (coffee break, lunch, welcome cocktail, cena di gala, cena per i relatori)<br \/>\n\u2022 staff e collaboratori<br \/>\n\u2022 ospitalit\u00e0 (trasporto, vitto e alloggio per relatori e ospiti)<br \/>\n\u2022 attivit\u00e0 di comunicazione e promozione dell\u2019evento (sito, promozione, web marketing\u2026)<br \/>\n\u2022 stampati e impaginati (save the date, pieghevole del programma, locandina e cartelloni segnaletici, volume abstract, badge, attestati, cartelline, segnaletica e cartellonistica (considerando sia i costi d\u2019impostazione grafica che di stampa)<br \/>\n\u2022 kit congressuale<br \/>\n\u2022 attivit\u00e0 di segreteria<\/p>\n<p>ERRORE #9<br \/>\nNon fare (o fare male) il contratto con committente<\/p>\n<p>La definizione chiara e la firma di un contratto tutela entrambe le parti (Committente e Organizzatore) e va fatta per stabilire fin da subito diritti e obblighi reciproci, oltre ai rischi di impresa.<\/p>\n<p>In termini molto pratici: se per caso le sponsorizzazioni non coprono i costi, va messo nero su bianco &#8211; a priori &#8211; chi paga.<\/p>\n<p>Un professionista serio far\u00e0 s\u00ec che questa fase sia veloce ma non approssimativa, e che ci sia accordo e chiarezza riguardo tutti i dettagli.<\/p>\n<p>ERRORE #10<br \/>\nNon dare la giusta importanza alla sede<br \/>\nLa scelta della sede \u00e8 un passaggio delicato, e richiede che l\u2019organizzatore faccia tutti i sopralluoghi necessari.<\/p>\n<p>Nel caso di congressi nazionali o internazionali, inoltre, bisogna muoversi molto in anticipo, precedendo alla prenotazione almeno 1 anno prima.<\/p>\n<p>Stesso discorso vale per le location di tutti i grandi eventi.<\/p>\n<p>La sede dovr\u00e0 essere adatta alla qualit\u00e0 dell&#8217;argomento trattato e alle esigenze sia del pubblico che dei relatori.<\/p>\n<p>Perci\u00f2 i requisiti fondamentali sono che sia:<\/p>\n<p>facilmente raggiungibile<\/p>\n<p>sufficientemente ampia<\/p>\n<p>ben attrezzata.<\/p>\n<p>ERRORE #11<br \/>\nNon fare sopralluogo<br \/>\nNe ho gi\u00e0 accennato in precedenza, ma questo punto richiede un approfondimento maggiore, visto che molti \u201cspecialisti\u201d tendono a trascurarlo.<\/p>\n<p>La site inspection invece va assolutamente fatta, perch\u00e9 serve a verificare tutti gli aspetti.<\/p>\n<p>Ad esempio, va controllata l\u2019adeguatezza degli impianti di ventilazione, di videoproiezione, audio e traduzione simultanea.<\/p>\n<p>E se i microfoni, gli schermi, i lettori DVD, i videoproiettori (ma anche le sedie) non sono presenti o sono insufficienti, \u00e8 necessario provvedere al loro noleggio con un certo anticipo, assicurandosi della loro adeguatezza rispetto alla sala.<\/p>\n<p>Nel processo di controllo sono inclusi poi anche questi fattori:<\/p>\n<p>\u2022 posizionamento del desk registrazioni<br \/>\n\u2022 silenziosit\u00e0 delle sale<br \/>\n\u2022 assenza di colonne in sala<br \/>\n\u2022 numero di servizi sufficiente in rapporto alle persone previste<br \/>\n\u2022 accesso senza barriere<br \/>\n\u2022 eventuali problematiche di linea telefonica (prova a immaginare come fanno a stare 8 ore in sala un numero x di professionisti con il telefono che non riceve\u2026)<\/p>\n<p>Per quanto riguarda poi la delicata materia del catering, va controllato il men\u00f9 ma anche il numero di tavoli e del personale in servizio.<\/p>\n<p>E se si tratta di buffet, il numero tavoli-postazioni e quello di tavoli in appoggio, nonch\u00e9 del personale dedicato.<\/p>\n<p>ERRORE #12<br \/>\nSottovalutare la grafica<br \/>\nL\u2019aspetto grafico garantisce memorabilit\u00e0, efficacia e riconoscibilit\u00e0 al messaggio fondamentale che l\u2019evento medico-scientifico vuole trasmettere.<\/p>\n<p>E\u2019 per questo che un\u2019agenzia, azienda o professionista dell\u2019organizzazione eventi deve contare su esperti nella cura dell\u2019immagine coordinata, che deve richiamare il tema dell\u2019evento.<\/p>\n<p>Ad esempio, gli inviti devono evitare ogni ambiguit\u00e0 e comunicare la massima chiarezza.<\/p>\n<p>Al loro interno va indicata la data (giorno, mese, anno), l\u2019orario e l\u2019indirizzo preciso.<\/p>\n<p>Non va poi dimenticata una mappa e\/o dei link per verificare la posizione e il percorso.<\/p>\n<p>Lo stesso vale naturalmente per la locandina e le grafiche per il web e i social media, che devono essere tutti in linea con l&#8217;immagine grafica dell&#8217;evento.<\/p>\n<p>ERRORE #13<br \/>\nSottovalutare l\u2019importanza del briefing<br \/>\nQuesto ERRORE \u00e8 strettamente collegato al #5.<\/p>\n<p>Se la tua organizzazione decide di pianificare da s\u00e9 l\u2019evento, inoltre, non c\u2019\u00e8 differenza.<\/p>\n<p>Se \u00e8 vero che tu sei la mente, a loro volta fornitori, dipendenti e collaboratori sono il braccio.<\/p>\n<p>Sicuramente dei professionisti dell\u2019organizzazione eventi hanno il vantaggio di avere gi\u00e0 una rete di riferimento collaudata e team affiatati e qualificati esattamente per tutto quello che riguarda ogni fase di una manifestazione.<\/p>\n<p>Questo si riflette nel management, e nel modo in cui i collaboratori (specialmente quelli esterni e saltuari) sono informati e preparati su ogni fase e ogni particolare.<\/p>\n<p>Sono loro che si interfacceranno per primi con gli ospiti e con i partecipanti, quindi comprendi bene l\u2019importanza del lavoro preliminare di briefing.<\/p>\n<p>Spesso i committenti tendono a far abbassare questa voce di costo, ma ricorda:<br \/>\nNon disporre di abbastanza aiuto il giorno dell&#8217;evento,<br \/>\ne non disporre di assistenti e hostess preparati<br \/>\nsono errori che si pagano cari.<\/p>\n<p>ERRORE #14<br \/>\nNon avere un piano di emergenza.<\/p>\n<p>Cosa potrebbe succedere al tuo evento in caso di maltempo, o addirittura se la sede non \u00e8 affatto raggiungibile?<\/p>\n<p>Si tratta di cose non facili da pianificare, ma che il giorno dell\u2019evento poi diventano impossibili da gestire.<\/p>\n<p>Per questo motivo i professionisti a cui ti rivolgi devono essere in grado di tracciare una strategia di emergenza efficace almeno 2 settimane in anticipo.<\/p>\n<p>Difatti, anche nel caso estremo in cui siate costretti a cancellare l&#8217;evento all\u2019ultimo momento, c\u2019\u00e8 pur sempre bisogno di un metodo preciso per contattare velocemente tutti gli ospiti.<\/p>\n<p>E, in ogni caso, un professionista serio dispone sempre di una lista di tutte le emergenze possibili, e un piano alternativo per ognuna di esse.<\/p>\n<p>ERRORE #15<br \/>\nNon chiedere feedback<br \/>\nLe testimonianze sono uno strumento importantissimo per valutare l\u2019efficacia e la qualit\u00e0 di un lavoro.<\/p>\n<p>Questo vale certamente per chi partecipa all\u2019evento, perch\u00e9 il suo feedback \u00e8 utilissimo per aiutarti a migliorare la prossima volta, oltre a rendere molto pi\u00f9 solida la comunicazione (chi sar\u00e0 invitato parteciper\u00e0 molto pi\u00f9 volentieri se c\u2019\u00e8 un elenco di persone, possibilmente di rilievo, che attesta il valore del convegno ecc.).<\/p>\n<p>Ma il feedback \u00e8 fondamentale anche darlo ai professionisti a cui vi siete affidati, sia per le stesse ragioni menzionate sopra, sia perch\u00e9 in questo modo date la possibilit\u00e0 all\u2019offerta di questi servizi di migliorare, favorendo il successo sul mercato solo di chi fa questo lavoro in maniera seria.<\/p>\n<p>Concludendo&#8230;<\/p>\n<p>Bene, ora hai una panoramica alquanto completa degli errori che chi organizza un evento deve assolutamente evitare di compiere.<\/p>\n<p>La buona notizia \u00e8 questi errori sono facilmente prevenibili. Basta rivolgersi a veri professionisti.<\/p>\n<p>Prima di tutto, inizia dall\u2019avere sempre una copia stampata di questa guida, e utilizzala come promemoria delle cose da non fare.<\/p>\n<p>Ricorda infatti che, specialmente quando si organizza un evento medico-scientico, prevenire \u00e8 sempre meglio che curare!<\/p>\n<p>Basta una telefonata (o un\u2019email)<\/p>\n<p>Sei hai avuto esperienze deludenti, oppure desideri raggiungere obiettivi pi\u00f9 alti con il tuo prossimo evento, puoi contare sulla professionalit\u00e0 di<br \/>\nDOUBLE EM, gli Specialisti dell\u2019Organizzazione di Congressi e Convegni Medici.<\/p>\n<p>Con DOUBLE EM avrai a tua disposizione le mie capacit\u00e0 organizzative, relazionali, di leadership e problem solving, assieme a quelle di tutto il mio Team.<\/p>\n<p>DOUBLE EM \u00e8 infatti in grado di gestire un evento a 360\u00b0 in tutto il territorio nazionale: dall\u2019ideazione e progettazione alla realizzazione, curando ogni dettaglio e prestando continua assistenza e ascolto delle esigenze del cliente.<\/p>\n<p>Non esitare a contattarci.<\/p>\n<p>Baster\u00e0 una telefonata per definire le procedure fondamentali da cui parti re per costruire il tuo evento o semplicemente per affiancarti nella tua organizzazione.<\/p>\n<p>Contattaci oggi<br \/>\nper avere una consulenza personalizzata:<\/p>\n<p>&gt;&gt;&gt; Vai su CongressiConvegni.it &lt;&lt;&lt;<\/p>\n<p>Al tuo successo!<\/p>\n<p>&nbsp;<\/p>\n<p>Marina Marengo<\/p>\n<p>Owner, DOUBLE EM<\/p>\n<p><strong>DOUBLE EM<\/strong><br \/>\nSpecialisti dell\u2019Organizzazione di Congressi e Convegni Medici<\/p>\n<p>Via E. Baroni 2\/3 D<br \/>\n16129 Genova<br \/>\nTel e Fax 010 8602968<br \/>\nP.I. e C.F. 02437180991<\/p>\n<p>cell 373 8723620<\/p>\n<p>info@double-em.it<\/p>","protected":false},"excerpt":{"rendered":"<p>Di Marina Marengo Introduzione \u201cI medici preparati sceglieranno i propri collaboratori attentamente, associandosi, se possibile, con quelli pi\u00f9 intelligenti di loro stessi.\u201d -Joseph D. Sapira \u201cArte e scienza al letto dell\u2019ammalato\u201d Quando devi organizzare un evento medico-scientifico, sia che si tratti di un convegno o un congresso, piuttosto che una conferenza o un corso con [&hellip;]<\/p>","protected":false},"author":2,"featured_media":0,"parent":0,"menu_order":0,"comment_status":"closed","ping_status":"closed","template":"","meta":{"jetpack_post_was_ever_published":false,"footnotes":""},"class_list":["post-2719","page","type-page","status-publish","hentry"],"jetpack_shortlink":"https:\/\/wp.me\/P5llZ0-HR","jetpack_sharing_enabled":true,"_links":{"self":[{"href":"https:\/\/congressiconvegni.it\/en\/wp-json\/wp\/v2\/pages\/2719","targetHints":{"allow":["GET"]}}],"collection":[{"href":"https:\/\/congressiconvegni.it\/en\/wp-json\/wp\/v2\/pages"}],"about":[{"href":"https:\/\/congressiconvegni.it\/en\/wp-json\/wp\/v2\/types\/page"}],"author":[{"embeddable":true,"href":"https:\/\/congressiconvegni.it\/en\/wp-json\/wp\/v2\/users\/2"}],"replies":[{"embeddable":true,"href":"https:\/\/congressiconvegni.it\/en\/wp-json\/wp\/v2\/comments?post=2719"}],"version-history":[{"count":0,"href":"https:\/\/congressiconvegni.it\/en\/wp-json\/wp\/v2\/pages\/2719\/revisions"}],"wp:attachment":[{"href":"https:\/\/congressiconvegni.it\/en\/wp-json\/wp\/v2\/media?parent=2719"}],"curies":[{"name":"wp","href":"https:\/\/api.w.org\/{rel}","templated":true}]}}